{"id":1722,"date":"2024-11-19T08:56:12","date_gmt":"2024-11-19T07:56:12","guid":{"rendered":"http:\/\/luka.rimbert.startevo.info\/wordpress\/blog\/"},"modified":"2024-12-03T14:01:43","modified_gmt":"2024-12-03T13:01:43","slug":"contact-rotiform","status":"publish","type":"page","link":"https:\/\/luka.rimbert.startevo.info\/wordpress\/contact-rotiform\/","title":{"rendered":"Contact"},"content":{"rendered":"<div class=\"wp-block-uagb-container uagb-block-a9de8738 alignfull uagb-is-root-container\"><div class=\"uagb-container-inner-blocks-wrap\"><div class=\"wp-block-uagb-advanced-heading uagb-block-44c41ad3\"><h1 class=\"uagb-heading-text\">Contact Rotiform<\/h1><\/div><\/div><\/div><div class=\"wp-block-uagb-container uagb-block-6ff3adc4 alignfull uagb-is-root-container\"><div class=\"uagb-container-inner-blocks-wrap\"><div class=\"wp-block-uagb-advanced-heading uagb-block-bd3da16b\"><h2 class=\"uagb-heading-text\">Service Contact Rotiform<\/h2><p class=\"uagb-desc-text\">Vous avez une question sur l&rsquo;un de nos produits, sur l&rsquo;ajustement appropri\u00e9 ou sur une commande que vous avez d\u00e9j\u00e0 pass\u00e9e ? Nous sommes l\u00e0 pour vous aider, contact rotiform<\/p><\/div>\n\n<div class=\"wp-block-uagb-container uagb-block-e67b9063\"><div class=\"wp-block-uagb-container uagb-block-b7fed0a2\"><\/div><\/div><\/div><\/div><div class=\"wp-block-uagb-forms uagb-forms__outer-wrap uagb-block-8325708c uagb-forms__medium-btn\"><form class=\"uagb-forms-main-form\" method=\"post\" autocomplete=\"on\" name=\"uagb-form-8325708c\"><div class=\"wp-block-uagb-forms-name uagb-forms-name-wrap uagb-forms-field-set uagb-block-c42bdb5e\"><div class=\"uagb-forms-name-label required uagb-forms-input-label\" id=\"c42bdb5e\">Pr\u00e9nom<\/div><input type=\"text\" placeholder=\"Votre Pr\u00e9nom\" required class=\"uagb-forms-name-input uagb-forms-input\" name=\"c42bdb5e\" autocomplete=\"given-name\"\/><\/div>\n\n<div class=\"wp-block-uagb-forms-name uagb-forms-name-wrap uagb-forms-field-set uagb-block-b2fa8fb2\"><div class=\"uagb-forms-name-label required uagb-forms-input-label\" id=\"b2fa8fb2\">Nom<\/div><input type=\"text\" placeholder=\"Doe\" required class=\"uagb-forms-name-input uagb-forms-input\" name=\"b2fa8fb2\" autocomplete=\"family-name\"\/><\/div>\n\n<div class=\"wp-block-uagb-forms-email uagb-forms-email-wrap uagb-forms-field-set uagb-block-224e7310\"><div class=\"uagb-forms-email-label required uagb-forms-input-label\" id=\"224e7310\">Email<\/div><input type=\"email\" class=\"uagb-forms-email-input uagb-forms-input\" placeholder=\"example@mail.com\" required name=\"224e7310\" autocomplete=\"email\"\/><\/div>\n\n<div class=\"wp-block-uagb-forms-textarea uagb-forms-textarea-wrap uagb-forms-field-set uagb-block-66db1f78\"><div class=\"uagb-forms-textarea-label required uagb-forms-input-label\" id=\"66db1f78\">Message<\/div><textarea required class=\"uagb-forms-textarea-input uagb-forms-input\" rows=\"4\" placeholder=\"Ecrivez votre message\" name=\"66db1f78\" autocomplete=\"off\"><\/textarea><\/div><div class=\"uagb-forms-form-hidden-data\"><input type=\"hidden\" class=\"uagb_forms_form_label\" value=\"Spectra Form\"\/><input type=\"hidden\" class=\"uagb_forms_form_id\" value=\"uagb-form-8325708c\"\/><\/div><div class=\"uagb-form-reacaptcha-error-8325708c\"><\/div><div class=\"uagb-forms-main-submit-button-wrap wp-block-button\"><button class=\"uagb-forms-main-submit-button wp-block-button__link\"><div class=\"uagb-forms-main-submit-button-text\">Envoy\u00e9<\/div><\/button><\/div><\/form><div class=\"uagb-forms-success-message-8325708c uagb-forms-submit-message-hide\"><span>The form has been submitted successfully!<\/span><\/div><div class=\"uagb-forms-failed-message-8325708c uagb-forms-submit-message-hide\"><span>There has been some error while submitting the form. Please verify all form fields again.<\/span><\/div><\/div><figure style=\"--tw-animation-delay:0.4s;\" class=\"wp-block-image size-large is-resized tw-block-animation tw-animation-wipe-top tw-duration-4\"><img loading=\"lazy\" decoding=\"async\" width=\"1024\" height=\"391\" src=\"https:\/\/luka.rimbert.startevo.info\/wordpress\/wp-content\/uploads\/2024\/11\/Capture69-1024x391.png\" alt=\"Ferrari \u00e9quip\u00e9 de jante rotiform\" class=\"wp-image-2446\" style=\"width:1200px;height:auto\" srcset=\"https:\/\/luka.rimbert.startevo.info\/wordpress\/wp-content\/uploads\/2024\/11\/Capture69-1024x391.png 1024w, https:\/\/luka.rimbert.startevo.info\/wordpress\/wp-content\/uploads\/2024\/11\/Capture69-300x115.png 300w, https:\/\/luka.rimbert.startevo.info\/wordpress\/wp-content\/uploads\/2024\/11\/Capture69-768x293.png 768w, https:\/\/luka.rimbert.startevo.info\/wordpress\/wp-content\/uploads\/2024\/11\/Capture69-1320x504.png 1320w, https:\/\/luka.rimbert.startevo.info\/wordpress\/wp-content\/uploads\/2024\/11\/Capture69-600x229.png 600w, https:\/\/luka.rimbert.startevo.info\/wordpress\/wp-content\/uploads\/2024\/11\/Capture69.png 1446w\" sizes=\"auto, (max-width: 1024px) 100vw, 1024px\" \/><\/figure><div class=\"wp-block-buttons is-layout-flex wp-block-buttons-is-layout-flex\"><div class=\"wp-block-button has-custom-width wp-block-button__width-100 is-style-outline is-style-outline--1\"><a class=\"wp-block-button__link wp-element-button\" href=\"https:\/\/luka.rimbert.startevo.info\/wordpress\/service-rotiform\/\" style=\"padding-top:var(--wp--preset--spacing--40);padding-right:var(--wp--preset--spacing--40);padding-bottom:var(--wp--preset--spacing--40);padding-left:var(--wp--preset--spacing--40)\">Nos Services<\/a><\/div><\/div><div class=\"wp-block-buttons is-layout-flex wp-block-buttons-is-layout-flex\"><div class=\"wp-block-button has-custom-width wp-block-button__width-100 is-style-outline is-style-outline--2\"><a class=\"wp-block-button__link wp-element-button\" href=\"https:\/\/luka.rimbert.startevo.info\/wordpress\/\">Page d&rsquo;accueil<\/a><\/div><\/div><div class=\"wp-block-buttons is-layout-flex wp-block-buttons-is-layout-flex\"><div class=\"wp-block-button has-custom-width wp-block-button__width-100 is-style-outline is-style-outline--3\"><a class=\"wp-block-button__link wp-element-button\" href=\"https:\/\/www.rotiform.com\/dealers\/\">Nos revendeurs<\/a><\/div><\/div><h3 class=\"wp-block-heading\">Roues Rotiform<\/h3><h5 class=\"wp-block-heading\">5347 S Valentia Way<br>Greenwood Village, CO 80111<br>1-831-290-6514<\/h5><h2 class=\"wp-block-heading\">\u3000<\/h2><h3 class=\"wp-block-heading\">Heures de soutiens<\/h3><p>Rotiform<\/p><h5 class=\"wp-block-heading\">Du lundi au vendredi, de 7h \u00e0 18h (MST)<\/h5><h2 class=\"wp-block-heading\">\u3000<\/h2><h3 class=\"wp-block-heading\">Informations sur la garantie<\/h3><h5 class=\"wp-block-heading\">Veuillez visiter notre page <a href=\"https:\/\/rotiform.com\/warranty\">Garantie<\/a>\u00a0pour plus de d\u00e9tails.<\/h5><h2 class=\"wp-block-heading\">\u3000<\/h2><h3 class=\"wp-block-heading\">Retours et \u00e9changes<\/h3><h5 class=\"wp-block-heading\">Veuillez visiter notre page\u00a0<a href=\"https:\/\/rotiform.com\/returns\">Retours et \u00e9changes<\/a>\u00a0pour plus de d\u00e9tails.<\/h5><h2 class=\"wp-block-heading\">\u3000<\/h2><h3 class=\"wp-block-heading\">Demandes de renseignements aupr\u00e8s des concessionnaires <\/h3><h5 class=\"wp-block-heading\">Veuillez contacter\u00a0<a href=\"tel:+1-800-959-1969\">le 1-800-959-1969<\/a>\u00a0pour toutes les demandes de renseignements concernant les concessionnaires. <a href=\"https:\/\/apply.rotiform.com\/\" target=\"_blank\" rel=\"noreferrer noopener\">Devenir concessionnaire<\/a><\/h5><figure class=\"wp-block-image size-large\"><img loading=\"lazy\" decoding=\"async\" width=\"1024\" height=\"394\" src=\"https:\/\/luka.rimbert.startevo.info\/wordpress\/wp-content\/uploads\/2024\/11\/Capture32-1-1024x394.png\" alt=\"\" class=\"wp-image-2449\" srcset=\"https:\/\/luka.rimbert.startevo.info\/wordpress\/wp-content\/uploads\/2024\/11\/Capture32-1-1024x394.png 1024w, https:\/\/luka.rimbert.startevo.info\/wordpress\/wp-content\/uploads\/2024\/11\/Capture32-1-300x116.png 300w, https:\/\/luka.rimbert.startevo.info\/wordpress\/wp-content\/uploads\/2024\/11\/Capture32-1-768x296.png 768w, https:\/\/luka.rimbert.startevo.info\/wordpress\/wp-content\/uploads\/2024\/11\/Capture32-1-1536x592.png 1536w, https:\/\/luka.rimbert.startevo.info\/wordpress\/wp-content\/uploads\/2024\/11\/Capture32-1-1320x508.png 1320w, https:\/\/luka.rimbert.startevo.info\/wordpress\/wp-content\/uploads\/2024\/11\/Capture32-1-600x231.png 600w, https:\/\/luka.rimbert.startevo.info\/wordpress\/wp-content\/uploads\/2024\/11\/Capture32-1.png 1893w\" sizes=\"auto, (max-width: 1024px) 100vw, 1024px\" \/><\/figure><h4 class=\"wp-block-heading\"><strong>Rotiform<\/strong><\/h4><p>Chez Rotiform, nous repoussons sans cesse les limites du design et de la performance. Chaque jante que nous cr\u00e9ons est le fruit d&rsquo;une passion pour l&rsquo;innovation, l&rsquo;esth\u00e9tique et l\u2019ing\u00e9nierie de pr\u00e9cision. Nos roues ne sont pas seulement con\u00e7ues pour rouler, elles sont fa\u00e7onn\u00e9es pour inspirer. Que ce soit pour un projet personnalis\u00e9, une voiture de luxe ou un v\u00e9hicule de performance, nous offrons des solutions qui marient parfaitement style, technologie et fonctionnalit\u00e9.<\/p><p>Avec Rotiform, chaque d\u00e9tail compte. Chaque forme, chaque finition, chaque branche est pens\u00e9e pour transformer votre v\u00e9hicule et le rendre unique. Bien plus qu&rsquo;une simple roue, chaque mod\u00e8le est une \u0153uvre d&rsquo;art mobile, con\u00e7ue pour capturer les regards tout en optimisant la performance.<\/p><p>Rejoignez la famille Rotiform et faites de chaque trajet une exp\u00e9rience inoubliable. Parce qu&rsquo;avec <strong>Rotiform<\/strong>, vous ne roulez pas seulement, vous vous d\u00e9marquez.<\/p>","protected":false},"excerpt":{"rendered":"<p>Contact Rotiform Service Contact Rotiform Vous avez une question sur l&rsquo;un de nos produits, sur l&rsquo;ajustement appropri\u00e9 ou sur une commande que vous avez d\u00e9j\u00e0 pass\u00e9e ? Nous sommes l\u00e0 pour vous aider, contact rotiform Roues Rotiform 5347 S Valentia WayGreenwood Village, CO 801111-831-290-6514 \u3000 Heures de soutiens Rotiform Du lundi au vendredi, de 7h [&hellip;]<\/p>\n","protected":false},"author":1,"featured_media":0,"parent":0,"menu_order":0,"comment_status":"closed","ping_status":"closed","template":"","meta":{"_uag_custom_page_level_css":"","site-sidebar-layout":"no-sidebar","site-content-layout":"plain-container","ast-site-content-layout":"normal-width-container","site-content-style":"unboxed","site-sidebar-style":"unboxed","ast-global-header-display":"","ast-banner-title-visibility":"","ast-main-header-display":"","ast-hfb-above-header-display":"","ast-hfb-below-header-display":"","ast-hfb-mobile-header-display":"","site-post-title":"disabled","ast-breadcrumbs-content":"","ast-featured-img":"disabled","footer-sml-layout":"","theme-transparent-header-meta":"default","adv-header-id-meta":"","stick-header-meta":"","header-above-stick-meta":"","header-main-stick-meta":"","header-below-stick-meta":"","astra-migrate-meta-layouts":"set","ast-page-background-enabled":"default","ast-page-background-meta":{"desktop":{"background-color":"","background-image":"","background-repeat":"repeat","background-position":"center center","background-size":"auto","background-attachment":"scroll","background-type":"","background-media":"","overlay-type":"","overlay-color":"","overlay-opacity":"","overlay-gradient":""},"tablet":{"background-color":"","background-image":"","background-repeat":"repeat","background-position":"center center","background-size":"auto","background-attachment":"scroll","background-type":"","background-media":"","overlay-type":"","overlay-color":"","overlay-opacity":"","overlay-gradient":""},"mobile":{"background-color":"","background-image":"","background-repeat":"repeat","background-position":"center center","background-size":"auto","background-attachment":"scroll","background-type":"","background-media":"","overlay-type":"","overlay-color":"","overlay-opacity":"","overlay-gradient":""}},"ast-content-background-meta":{"desktop":{"background-color":"var(--ast-global-color-5)","background-image":"","background-repeat":"repeat","background-position":"center center","background-size":"auto","background-attachment":"scroll","background-type":"","background-media":"","overlay-type":"","overlay-color":"","overlay-opacity":"","overlay-gradient":""},"tablet":{"background-color":"var(--ast-global-color-5)","background-image":"","background-repeat":"repeat","background-position":"center center","background-size":"auto","background-attachment":"scroll","background-type":"","background-media":"","overlay-type":"","overlay-color":"","overlay-opacity":"","overlay-gradient":""},"mobile":{"background-color":"var(--ast-global-color-5)","background-image":"","background-repeat":"repeat","background-position":"center center","background-size":"auto","background-attachment":"scroll","background-type":"","background-media":"","overlay-type":"","overlay-color":"","overlay-opacity":"","overlay-gradient":""}},"footnotes":""},"class_list":["post-1722","page","type-page","status-publish","hentry"],"yoast_head":"<!-- This site is optimized with the Yoast SEO plugin v27.5 - https:\/\/yoast.com\/product\/yoast-seo-wordpress\/ -->\n<title>Contact - rotiform<\/title>\n<meta name=\"description\" content=\"Formulaire de contact Rotiform, permet d\u00e9 pouvoir aider\/ renseigner le client le plus rapidement possible m\u00eame \u00e0 l&#039;autre bout du monde.\" \/>\n<meta name=\"robots\" content=\"noindex, follow, max-snippet:-1, max-image-preview:large, max-video-preview:-1\" \/>\n<meta property=\"og:locale\" content=\"fr_FR\" \/>\n<meta property=\"og:type\" content=\"article\" \/>\n<meta property=\"og:title\" content=\"Contact - rotiform\" \/>\n<meta property=\"og:description\" content=\"Formulaire de contact Rotiform, permet d\u00e9 pouvoir aider\/ renseigner le client le plus rapidement possible m\u00eame \u00e0 l&#039;autre bout du monde.\" \/>\n<meta property=\"og:url\" content=\"https:\/\/luka.rimbert.startevo.info\/wordpress\/contact-rotiform\/\" \/>\n<meta property=\"og:site_name\" content=\"rotiform\" \/>\n<meta property=\"article:modified_time\" content=\"2024-12-03T13:01:43+00:00\" \/>\n<meta property=\"og:image\" content=\"https:\/\/luka.rimbert.startevo.info\/wordpress\/wp-content\/uploads\/2024\/11\/Capture69-1024x391.png\" \/>\n<meta name=\"twitter:card\" content=\"summary_large_image\" \/>\n<meta name=\"twitter:label1\" content=\"Dur\u00e9e de lecture estim\u00e9e\" \/>\n\t<meta name=\"twitter:data1\" content=\"2 minutes\" \/>\n<script type=\"application\/ld+json\" class=\"yoast-schema-graph\">{\"@context\":\"https:\\\/\\\/schema.org\",\"@graph\":[{\"@type\":\"WebPage\",\"@id\":\"https:\\\/\\\/luka.rimbert.startevo.info\\\/wordpress\\\/contact-rotiform\\\/\",\"url\":\"https:\\\/\\\/luka.rimbert.startevo.info\\\/wordpress\\\/contact-rotiform\\\/\",\"name\":\"Contact - rotiform\",\"isPartOf\":{\"@id\":\"https:\\\/\\\/luka.rimbert.startevo.info\\\/wordpress\\\/#website\"},\"primaryImageOfPage\":{\"@id\":\"https:\\\/\\\/luka.rimbert.startevo.info\\\/wordpress\\\/contact-rotiform\\\/#primaryimage\"},\"image\":{\"@id\":\"https:\\\/\\\/luka.rimbert.startevo.info\\\/wordpress\\\/contact-rotiform\\\/#primaryimage\"},\"thumbnailUrl\":\"https:\\\/\\\/luka.rimbert.startevo.info\\\/wordpress\\\/wp-content\\\/uploads\\\/2024\\\/11\\\/Capture69-1024x391.png\",\"datePublished\":\"2024-11-19T07:56:12+00:00\",\"dateModified\":\"2024-12-03T13:01:43+00:00\",\"description\":\"Formulaire de contact Rotiform, permet d\u00e9 pouvoir aider\\\/ renseigner le client le plus rapidement possible m\u00eame \u00e0 l'autre bout du monde.\",\"breadcrumb\":{\"@id\":\"https:\\\/\\\/luka.rimbert.startevo.info\\\/wordpress\\\/contact-rotiform\\\/#breadcrumb\"},\"inLanguage\":\"fr-FR\",\"potentialAction\":[{\"@type\":\"ReadAction\",\"target\":[\"https:\\\/\\\/luka.rimbert.startevo.info\\\/wordpress\\\/contact-rotiform\\\/\"]}]},{\"@type\":\"ImageObject\",\"inLanguage\":\"fr-FR\",\"@id\":\"https:\\\/\\\/luka.rimbert.startevo.info\\\/wordpress\\\/contact-rotiform\\\/#primaryimage\",\"url\":\"https:\\\/\\\/luka.rimbert.startevo.info\\\/wordpress\\\/wp-content\\\/uploads\\\/2024\\\/11\\\/Capture69.png\",\"contentUrl\":\"https:\\\/\\\/luka.rimbert.startevo.info\\\/wordpress\\\/wp-content\\\/uploads\\\/2024\\\/11\\\/Capture69.png\",\"width\":1446,\"height\":552},{\"@type\":\"BreadcrumbList\",\"@id\":\"https:\\\/\\\/luka.rimbert.startevo.info\\\/wordpress\\\/contact-rotiform\\\/#breadcrumb\",\"itemListElement\":[{\"@type\":\"ListItem\",\"position\":1,\"name\":\"Accueil\",\"item\":\"https:\\\/\\\/luka.rimbert.startevo.info\\\/wordpress\\\/\"},{\"@type\":\"ListItem\",\"position\":2,\"name\":\"Contact\"}]},{\"@type\":\"WebSite\",\"@id\":\"https:\\\/\\\/luka.rimbert.startevo.info\\\/wordpress\\\/#website\",\"url\":\"https:\\\/\\\/luka.rimbert.startevo.info\\\/wordpress\\\/\",\"name\":\"rotiform\",\"description\":\"\",\"publisher\":{\"@id\":\"https:\\\/\\\/luka.rimbert.startevo.info\\\/wordpress\\\/#organization\"},\"potentialAction\":[{\"@type\":\"SearchAction\",\"target\":{\"@type\":\"EntryPoint\",\"urlTemplate\":\"https:\\\/\\\/luka.rimbert.startevo.info\\\/wordpress\\\/?s={search_term_string}\"},\"query-input\":{\"@type\":\"PropertyValueSpecification\",\"valueRequired\":true,\"valueName\":\"search_term_string\"}}],\"inLanguage\":\"fr-FR\"},{\"@type\":\"Organization\",\"@id\":\"https:\\\/\\\/luka.rimbert.startevo.info\\\/wordpress\\\/#organization\",\"name\":\"rotiform\",\"url\":\"https:\\\/\\\/luka.rimbert.startevo.info\\\/wordpress\\\/\",\"logo\":{\"@type\":\"ImageObject\",\"inLanguage\":\"fr-FR\",\"@id\":\"https:\\\/\\\/luka.rimbert.startevo.info\\\/wordpress\\\/#\\\/schema\\\/logo\\\/image\\\/\",\"url\":\"https:\\\/\\\/luka.rimbert.startevo.info\\\/wordpress\\\/wp-content\\\/uploads\\\/2024\\\/11\\\/cropped-cropped-Capture.png\",\"contentUrl\":\"https:\\\/\\\/luka.rimbert.startevo.info\\\/wordpress\\\/wp-content\\\/uploads\\\/2024\\\/11\\\/cropped-cropped-Capture.png\",\"width\":682,\"height\":227,\"caption\":\"rotiform\"},\"image\":{\"@id\":\"https:\\\/\\\/luka.rimbert.startevo.info\\\/wordpress\\\/#\\\/schema\\\/logo\\\/image\\\/\"}}]}<\/script>\n<!-- \/ Yoast SEO plugin. -->","yoast_head_json":{"title":"Contact - rotiform","description":"Formulaire de contact Rotiform, permet d\u00e9 pouvoir aider\/ renseigner le client le plus rapidement possible m\u00eame \u00e0 l'autre bout du monde.","robots":{"index":"noindex","follow":"follow","max-snippet":"max-snippet:-1","max-image-preview":"max-image-preview:large","max-video-preview":"max-video-preview:-1"},"og_locale":"fr_FR","og_type":"article","og_title":"Contact - rotiform","og_description":"Formulaire de contact Rotiform, permet d\u00e9 pouvoir aider\/ renseigner le client le plus rapidement possible m\u00eame \u00e0 l'autre bout du monde.","og_url":"https:\/\/luka.rimbert.startevo.info\/wordpress\/contact-rotiform\/","og_site_name":"rotiform","article_modified_time":"2024-12-03T13:01:43+00:00","og_image":[{"url":"https:\/\/luka.rimbert.startevo.info\/wordpress\/wp-content\/uploads\/2024\/11\/Capture69-1024x391.png","type":"","width":"","height":""}],"twitter_card":"summary_large_image","twitter_misc":{"Dur\u00e9e de lecture estim\u00e9e":"2 minutes"},"schema":{"@context":"https:\/\/schema.org","@graph":[{"@type":"WebPage","@id":"https:\/\/luka.rimbert.startevo.info\/wordpress\/contact-rotiform\/","url":"https:\/\/luka.rimbert.startevo.info\/wordpress\/contact-rotiform\/","name":"Contact - rotiform","isPartOf":{"@id":"https:\/\/luka.rimbert.startevo.info\/wordpress\/#website"},"primaryImageOfPage":{"@id":"https:\/\/luka.rimbert.startevo.info\/wordpress\/contact-rotiform\/#primaryimage"},"image":{"@id":"https:\/\/luka.rimbert.startevo.info\/wordpress\/contact-rotiform\/#primaryimage"},"thumbnailUrl":"https:\/\/luka.rimbert.startevo.info\/wordpress\/wp-content\/uploads\/2024\/11\/Capture69-1024x391.png","datePublished":"2024-11-19T07:56:12+00:00","dateModified":"2024-12-03T13:01:43+00:00","description":"Formulaire de contact Rotiform, permet d\u00e9 pouvoir aider\/ renseigner le client le plus rapidement possible m\u00eame \u00e0 l'autre bout du monde.","breadcrumb":{"@id":"https:\/\/luka.rimbert.startevo.info\/wordpress\/contact-rotiform\/#breadcrumb"},"inLanguage":"fr-FR","potentialAction":[{"@type":"ReadAction","target":["https:\/\/luka.rimbert.startevo.info\/wordpress\/contact-rotiform\/"]}]},{"@type":"ImageObject","inLanguage":"fr-FR","@id":"https:\/\/luka.rimbert.startevo.info\/wordpress\/contact-rotiform\/#primaryimage","url":"https:\/\/luka.rimbert.startevo.info\/wordpress\/wp-content\/uploads\/2024\/11\/Capture69.png","contentUrl":"https:\/\/luka.rimbert.startevo.info\/wordpress\/wp-content\/uploads\/2024\/11\/Capture69.png","width":1446,"height":552},{"@type":"BreadcrumbList","@id":"https:\/\/luka.rimbert.startevo.info\/wordpress\/contact-rotiform\/#breadcrumb","itemListElement":[{"@type":"ListItem","position":1,"name":"Accueil","item":"https:\/\/luka.rimbert.startevo.info\/wordpress\/"},{"@type":"ListItem","position":2,"name":"Contact"}]},{"@type":"WebSite","@id":"https:\/\/luka.rimbert.startevo.info\/wordpress\/#website","url":"https:\/\/luka.rimbert.startevo.info\/wordpress\/","name":"rotiform","description":"","publisher":{"@id":"https:\/\/luka.rimbert.startevo.info\/wordpress\/#organization"},"potentialAction":[{"@type":"SearchAction","target":{"@type":"EntryPoint","urlTemplate":"https:\/\/luka.rimbert.startevo.info\/wordpress\/?s={search_term_string}"},"query-input":{"@type":"PropertyValueSpecification","valueRequired":true,"valueName":"search_term_string"}}],"inLanguage":"fr-FR"},{"@type":"Organization","@id":"https:\/\/luka.rimbert.startevo.info\/wordpress\/#organization","name":"rotiform","url":"https:\/\/luka.rimbert.startevo.info\/wordpress\/","logo":{"@type":"ImageObject","inLanguage":"fr-FR","@id":"https:\/\/luka.rimbert.startevo.info\/wordpress\/#\/schema\/logo\/image\/","url":"https:\/\/luka.rimbert.startevo.info\/wordpress\/wp-content\/uploads\/2024\/11\/cropped-cropped-Capture.png","contentUrl":"https:\/\/luka.rimbert.startevo.info\/wordpress\/wp-content\/uploads\/2024\/11\/cropped-cropped-Capture.png","width":682,"height":227,"caption":"rotiform"},"image":{"@id":"https:\/\/luka.rimbert.startevo.info\/wordpress\/#\/schema\/logo\/image\/"}}]}},"uagb_featured_image_src":{"full":false,"thumbnail":false,"medium":false,"medium_large":false,"large":false,"1536x1536":false,"2048x2048":false,"mailpoet_newsletter_max":false,"woocommerce_thumbnail":false,"woocommerce_single":false,"woocommerce_gallery_thumbnail":false},"uagb_author_info":{"display_name":"luka.rimbert","author_link":"https:\/\/luka.rimbert.startevo.info\/wordpress\/author\/luka-rimbert\/"},"uagb_comment_info":0,"uagb_excerpt":"Contact Rotiform Service Contact Rotiform Vous avez une question sur l&rsquo;un de nos produits, sur l&rsquo;ajustement appropri\u00e9 ou sur une commande que vous avez d\u00e9j\u00e0 pass\u00e9e ? Nous sommes l\u00e0 pour vous aider, contact rotiform Roues Rotiform 5347 S Valentia WayGreenwood Village, CO 801111-831-290-6514 \u3000 Heures de soutiens Rotiform Du lundi au vendredi, de 7h\u2026","jetpack_sharing_enabled":true,"_links":{"self":[{"href":"https:\/\/luka.rimbert.startevo.info\/wordpress\/wp-json\/wp\/v2\/pages\/1722","targetHints":{"allow":["GET"]}}],"collection":[{"href":"https:\/\/luka.rimbert.startevo.info\/wordpress\/wp-json\/wp\/v2\/pages"}],"about":[{"href":"https:\/\/luka.rimbert.startevo.info\/wordpress\/wp-json\/wp\/v2\/types\/page"}],"author":[{"embeddable":true,"href":"https:\/\/luka.rimbert.startevo.info\/wordpress\/wp-json\/wp\/v2\/users\/1"}],"replies":[{"embeddable":true,"href":"https:\/\/luka.rimbert.startevo.info\/wordpress\/wp-json\/wp\/v2\/comments?post=1722"}],"version-history":[{"count":8,"href":"https:\/\/luka.rimbert.startevo.info\/wordpress\/wp-json\/wp\/v2\/pages\/1722\/revisions"}],"predecessor-version":[{"id":2450,"href":"https:\/\/luka.rimbert.startevo.info\/wordpress\/wp-json\/wp\/v2\/pages\/1722\/revisions\/2450"}],"wp:attachment":[{"href":"https:\/\/luka.rimbert.startevo.info\/wordpress\/wp-json\/wp\/v2\/media?parent=1722"}],"curies":[{"name":"wp","href":"https:\/\/api.w.org\/{rel}","templated":true}]}}