{"id":1720,"date":"2024-11-19T08:56:12","date_gmt":"2024-11-19T07:56:12","guid":{"rendered":"http:\/\/luka.rimbert.startevo.info\/wordpress\/about\/"},"modified":"2024-12-09T14:20:23","modified_gmt":"2024-12-09T13:20:23","slug":"a-propos","status":"publish","type":"page","link":"https:\/\/luka.rimbert.startevo.info\/wordpress\/a-propos\/","title":{"rendered":"A Propos"},"content":{"rendered":"<div class=\"wp-block-uagb-container uagb-block-3cccbad4 alignfull uagb-is-root-container\"><div class=\"uagb-container-inner-blocks-wrap\"><div class=\"wp-block-uagb-advanced-heading uagb-block-b2acb170\"><h1 class=\"uagb-heading-text\">A Propos De Nous<\/h1><\/div>\n\n<h6 class=\"wp-block-heading has-text-align-right\"><\/h6><\/div><\/div><div class=\"wp-block-uagb-container uagb-layout-grid uagb-block-8fd792d8 alignfull uagb-is-root-container\"><div class=\"uagb-container-inner-blocks-wrap\"><div class=\"wp-block-uagb-container uagb-block-3cc4a0cb\"><div class=\"wp-block-uagb-info-box uagb-block-03af5882 uagb-infobox__content-wrap  uagb-infobox-icon-above-title uagb-infobox-image-valign-top wp-block-uagb-info-box--has-margin\"><div class=\"uagb-infobox-margin-wrapper\"><div class=\"uagb-ifb-content\"><div class=\"uagb-ifb-title-wrap\"><h4 class=\"uagb-ifb-title-prefix\">Le Made By Rotiform<\/h4><h2 class=\"uagb-ifb-title\">Rotiform, A Propos de nous<\/h2><\/div><p class=\"uagb-ifb-desc\">Rotiform est une marque embl\u00e9matique sp\u00e9cialis\u00e9e dans la conception de roues de haute performance et de design. Fond\u00e9e en 2009, la soci\u00e9t\u00e9 se distingue par ses mod\u00e8les innovants qui m\u00ealent esth\u00e9tique moderne et technologie avanc\u00e9e. Rotiform est reconnue pour ses jantes au design unique, souvent inspir\u00e9 par l\u2019univers automobile de comp\u00e9tition et de personnalisation, offrant une large gamme de produits adapt\u00e9s aux passionn\u00e9s de voitures, qu\u2019ils soient amateurs de tuning ou de performance. La marque met l\u2019accent sur la qualit\u00e9, la cr\u00e9ativit\u00e9 et l&rsquo;authenticit\u00e9 dans chaque produit.<\/p><\/div><\/div><\/div><\/div>\n\n<figure class=\"wp-block-image size-full is-resized\"><img loading=\"lazy\" decoding=\"async\" width=\"836\" height=\"643\" src=\"https:\/\/luka.rimbert.startevo.info\/wordpress\/wp-content\/uploads\/2024\/12\/porsche-991-2-turbo-s-rotiform-lhr-m-forged-wheels-44.jpg\" alt=\"\" class=\"wp-image-2478\" style=\"width:636px;height:auto\" srcset=\"https:\/\/luka.rimbert.startevo.info\/wordpress\/wp-content\/uploads\/2024\/12\/porsche-991-2-turbo-s-rotiform-lhr-m-forged-wheels-44.jpg 836w, https:\/\/luka.rimbert.startevo.info\/wordpress\/wp-content\/uploads\/2024\/12\/porsche-991-2-turbo-s-rotiform-lhr-m-forged-wheels-44-300x231.jpg 300w, https:\/\/luka.rimbert.startevo.info\/wordpress\/wp-content\/uploads\/2024\/12\/porsche-991-2-turbo-s-rotiform-lhr-m-forged-wheels-44-768x591.jpg 768w, https:\/\/luka.rimbert.startevo.info\/wordpress\/wp-content\/uploads\/2024\/12\/porsche-991-2-turbo-s-rotiform-lhr-m-forged-wheels-44-600x461.jpg 600w\" sizes=\"auto, (max-width: 836px) 100vw, 836px\" \/><\/figure><\/div><\/div><div class=\"wp-block-uagb-container uagb-block-4f195d1d alignfull uagb-is-root-container\"><div class=\"uagb-container-inner-blocks-wrap\"><div class=\"wp-block-uagb-advanced-heading uagb-block-665ea58b\"><h2 class=\"uagb-heading-text\">A Propos ? 4 Raison de choisir <strong><a href=\"https:\/\/luka.rimbert.startevo.info\/wordpress\/\">Rotiform<\/a><\/strong><\/h2><\/div>\n\n<div class=\"wp-block-uagb-faq uagb-faq__outer-wrap uagb-block-06b9f9a1 uagb-faq-icon-row-reverse uagb-faq-layout-grid uagb-faq-expand-first-true uagb-faq-inactive-other-true uagb-faq__wrap uagb-buttons-layout-wrap uagb-faq-equal-height     \" data-faqtoggle=\"true\" role=\"tablist\"><div class=\"wp-block-uagb-faq-child uagb-faq-child__outer-wrap uagb-faq-item uagb-block-1c23c3ca \" role=\"tab\" tabindex=\"0\"><div class=\"uagb-faq-questions-button uagb-faq-questions\"><h5 class=\"uagb-question\">1. Design unique et personnalis\u00e9<\/h5><\/div><div class=\"uagb-faq-content\"><p>Rotiform se distingue par des jantes au design innovant et moderne, offrant une esth\u00e9tique unique qui se d\u00e9marque sur n&rsquo;importe quel v\u00e9hicule.<\/p><\/div><\/div><div class=\"wp-block-uagb-faq-child uagb-faq-child__outer-wrap uagb-faq-item uagb-block-195ede52 \" role=\"tab\" tabindex=\"0\"><div class=\"uagb-faq-questions-button uagb-faq-questions\"><h5 class=\"uagb-question\">3. Qualit\u00e9 sup\u00e9rieure<\/h5><\/div><div class=\"uagb-faq-content\"><p>Chaque roue Rotiform est fabriqu\u00e9e avec des mat\u00e9riaux de haute qualit\u00e9, garantissant une durabilit\u00e9 et une r\u00e9sistance exceptionnelles, tout en offrant une performance optimale.<\/p><\/div><\/div><div class=\"wp-block-uagb-faq-child uagb-faq-child__outer-wrap uagb-faq-item uagb-block-80e402ad \" role=\"tab\" tabindex=\"0\"><div class=\"uagb-faq-questions-button uagb-faq-questions\"><h5 class=\"uagb-question\">2. Technologie de pointe<\/h5><\/div><div class=\"uagb-faq-content\"><p>La marque utilise des techniques de fabrication avanc\u00e9es, notamment des proc\u00e9d\u00e9s de forgeage et de moulage, pour cr\u00e9er des roues l\u00e9g\u00e8res, solides et parfaitement \u00e9quilibr\u00e9es.<\/p><\/div><\/div><div class=\"wp-block-uagb-faq-child uagb-faq-child__outer-wrap uagb-faq-item uagb-block-9319d5ce \" role=\"tab\" tabindex=\"0\"><div class=\"uagb-faq-questions-button uagb-faq-questions\"><h5 class=\"uagb-question\">4. <strong>Adaptabilit\u00e9<\/strong><\/h5><\/div><div class=\"uagb-faq-content\"><p>Rotiform propose une large gamme de jantes adapt\u00e9es \u00e0 diff\u00e9rents types de v\u00e9hicules, qu&rsquo;il s&rsquo;agisse de voitures de performance, de tuning ou de luxe, permettant \u00e0 chaque passionn\u00e9 de trouver la roue parfaite pour son projet.<\/p><\/div><\/div><\/div>\n\n<div class=\"wp-block-uagb-buttons uagb-buttons__outer-wrap uagb-btn__default-btn uagb-btn-tablet__default-btn uagb-btn-mobile__default-btn uagb-block-88b3e538\"><div class=\"uagb-buttons__wrap uagb-buttons-layout-wrap \"><div class=\"wp-block-uagb-buttons-child uagb-buttons__outer-wrap uagb-block-cabf6b23 wp-block-button\"><div class=\"uagb-button__wrapper\"><a class=\"uagb-buttons-repeater wp-block-button__link\" aria-label=\"\" href=\"https:\/\/luka.rimbert.startevo.info\/wordpress\/contact-rotiform\/\" rel=\"follow noopener\" target=\"_self\" role=\"button\"><div class=\"uagb-button__link\">Contactez Nous !<\/div><\/a><\/div><\/div><\/div><\/div><\/div><\/div><div class=\"wp-block-uagb-container uagb-block-79feba0e alignfull uagb-is-root-container\"><div class=\"uagb-container-inner-blocks-wrap\"><div class=\"wp-block-uagb-container uagb-block-2cf4601e\"><div class=\"wp-block-uagb-advanced-heading uagb-block-017155e0\"><h3 class=\"uagb-heading-text\">Sign up for the best travel tips and adventures!<\/h3><p class=\"uagb-desc-text\">Quas alias velit soluta voluptatum Etiam officiis praesent quidem, neque.<\/p><\/div>\n\n<div class=\"wp-block-uagb-forms uagb-forms__outer-wrap uagb-block-6565af69 uagb-forms__medium-btn uagb-forms-inline-field uagb-forms-button-desk-width-33  uagb-forms-button-mobile-width-100 uagb-forms-column-gap-5\"><form class=\"uagb-forms-main-form\" method=\"post\" autocomplete=\"on\" name=\"uagb-form-6565af69\"><div class=\"wp-block-uagb-forms-email uagb-forms-email-wrap uagb-forms-field-set uagb-block-a9c4dee8 uagb-forms-field-desk-width-60 uagb-forms-field-tablet-width-60 uagb-forms-field-mobile-width-100\"><div class=\"uagb-forms-email-label  uagb-forms-input-label\" id=\"a9c4dee8\">Email<\/div><input type=\"email\" class=\"uagb-forms-email-input uagb-forms-input\" placeholder=\"Email address\" name=\"a9c4dee8\" autocomplete=\"email\"\/><\/div><div class=\"uagb-forms-form-hidden-data\"><input type=\"hidden\" class=\"uagb_forms_form_label\" value=\"Spectra Form\"\/><input type=\"hidden\" class=\"uagb_forms_form_id\" value=\"uagb-form-6565af69\"\/><\/div><div class=\"uagb-form-reacaptcha-error-6565af69\"><\/div><div class=\"uagb-forms-main-submit-button-wrap wp-block-button\"><button class=\"uagb-forms-main-submit-button wp-block-button__link\"><div class=\"uagb-forms-main-submit-button-text\">Subscribe<\/div><\/button><\/div><\/form><div class=\"uagb-forms-success-message-6565af69 uagb-forms-submit-message-hide\"><span>The form has been submitted successfully!<\/span><\/div><div class=\"uagb-forms-failed-message-6565af69 uagb-forms-submit-message-hide\"><span>There has been some error while submitting the form. Please verify all form fields again.<\/span><\/div><\/div><\/div><\/div><\/div><p><\/p>","protected":false},"excerpt":{"rendered":"<p>A Propos De Nous A Propos ? 4 Raison de choisir Rotiform Sign up for the best travel tips and adventures! Quas alias velit soluta voluptatum Etiam officiis praesent quidem, neque.<\/p>\n","protected":false},"author":1,"featured_media":0,"parent":0,"menu_order":0,"comment_status":"closed","ping_status":"closed","template":"","meta":{"_uag_custom_page_level_css":"","site-sidebar-layout":"no-sidebar","site-content-layout":"plain-container","ast-site-content-layout":"normal-width-container","site-content-style":"unboxed","site-sidebar-style":"unboxed","ast-global-header-display":"","ast-banner-title-visibility":"","ast-main-header-display":"","ast-hfb-above-header-display":"","ast-hfb-below-header-display":"","ast-hfb-mobile-header-display":"","site-post-title":"disabled","ast-breadcrumbs-content":"","ast-featured-img":"disabled","footer-sml-layout":"","theme-transparent-header-meta":"default","adv-header-id-meta":"","stick-header-meta":"","header-above-stick-meta":"","header-main-stick-meta":"","header-below-stick-meta":"","astra-migrate-meta-layouts":"set","ast-page-background-enabled":"default","ast-page-background-meta":{"desktop":{"background-color":"","background-image":"","background-repeat":"repeat","background-position":"center center","background-size":"auto","background-attachment":"scroll","background-type":"","background-media":"","overlay-type":"","overlay-color":"","overlay-opacity":"","overlay-gradient":""},"tablet":{"background-color":"","background-image":"","background-repeat":"repeat","background-position":"center center","background-size":"auto","background-attachment":"scroll","background-type":"","background-media":"","overlay-type":"","overlay-color":"","overlay-opacity":"","overlay-gradient":""},"mobile":{"background-color":"","background-image":"","background-repeat":"repeat","background-position":"center center","background-size":"auto","background-attachment":"scroll","background-type":"","background-media":"","overlay-type":"","overlay-color":"","overlay-opacity":"","overlay-gradient":""}},"ast-content-background-meta":{"desktop":{"background-color":"var(--ast-global-color-5)","background-image":"","background-repeat":"repeat","background-position":"center center","background-size":"auto","background-attachment":"scroll","background-type":"","background-media":"","overlay-type":"","overlay-color":"","overlay-opacity":"","overlay-gradient":""},"tablet":{"background-color":"var(--ast-global-color-5)","background-image":"","background-repeat":"repeat","background-position":"center center","background-size":"auto","background-attachment":"scroll","background-type":"","background-media":"","overlay-type":"","overlay-color":"","overlay-opacity":"","overlay-gradient":""},"mobile":{"background-color":"var(--ast-global-color-5)","background-image":"","background-repeat":"repeat","background-position":"center center","background-size":"auto","background-attachment":"scroll","background-type":"","background-media":"","overlay-type":"","overlay-color":"","overlay-opacity":"","overlay-gradient":""}},"footnotes":""},"class_list":["post-1720","page","type-page","status-publish","hentry"],"yoast_head":"<!-- This site is optimized with the Yoast SEO plugin v27.5 - https:\/\/yoast.com\/product\/yoast-seo-wordpress\/ -->\n<title>A Propos - rotiform<\/title>\n<meta name=\"description\" content=\"Page A Propos de Rotiform, avec tout ce qu&#039;il y a \u00e0 savoir sur Rotiform, sa cr\u00e9ation, jusqu&#039;au jour d&#039;aujourd&#039;hui\" \/>\n<meta name=\"robots\" content=\"noindex, follow, max-snippet:-1, max-image-preview:large, max-video-preview:-1\" \/>\n<meta property=\"og:locale\" content=\"fr_FR\" \/>\n<meta property=\"og:type\" content=\"article\" \/>\n<meta property=\"og:title\" content=\"A Propos - rotiform\" \/>\n<meta property=\"og:description\" content=\"Page A Propos de Rotiform, avec tout ce qu&#039;il y a \u00e0 savoir sur Rotiform, sa cr\u00e9ation, jusqu&#039;au jour d&#039;aujourd&#039;hui\" \/>\n<meta property=\"og:url\" content=\"https:\/\/luka.rimbert.startevo.info\/wordpress\/a-propos\/\" \/>\n<meta property=\"og:site_name\" content=\"rotiform\" \/>\n<meta property=\"article:modified_time\" content=\"2024-12-09T13:20:23+00:00\" \/>\n<meta property=\"og:image\" content=\"https:\/\/luka.rimbert.startevo.info\/wordpress\/wp-content\/uploads\/2024\/12\/porsche-991-2-turbo-s-rotiform-lhr-m-forged-wheels-44.jpg\" \/>\n<meta name=\"twitter:card\" content=\"summary_large_image\" \/>\n<meta name=\"twitter:label1\" content=\"Dur\u00e9e de lecture estim\u00e9e\" \/>\n\t<meta name=\"twitter:data1\" content=\"1 minute\" \/>\n<script type=\"application\/ld+json\" class=\"yoast-schema-graph\">{\"@context\":\"https:\\\/\\\/schema.org\",\"@graph\":[{\"@type\":\"WebPage\",\"@id\":\"https:\\\/\\\/luka.rimbert.startevo.info\\\/wordpress\\\/a-propos\\\/\",\"url\":\"https:\\\/\\\/luka.rimbert.startevo.info\\\/wordpress\\\/a-propos\\\/\",\"name\":\"A Propos - rotiform\",\"isPartOf\":{\"@id\":\"https:\\\/\\\/luka.rimbert.startevo.info\\\/wordpress\\\/#website\"},\"primaryImageOfPage\":{\"@id\":\"https:\\\/\\\/luka.rimbert.startevo.info\\\/wordpress\\\/a-propos\\\/#primaryimage\"},\"image\":{\"@id\":\"https:\\\/\\\/luka.rimbert.startevo.info\\\/wordpress\\\/a-propos\\\/#primaryimage\"},\"thumbnailUrl\":\"https:\\\/\\\/luka.rimbert.startevo.info\\\/wordpress\\\/wp-content\\\/uploads\\\/2024\\\/12\\\/porsche-991-2-turbo-s-rotiform-lhr-m-forged-wheels-44.jpg\",\"datePublished\":\"2024-11-19T07:56:12+00:00\",\"dateModified\":\"2024-12-09T13:20:23+00:00\",\"description\":\"Page A Propos de Rotiform, avec tout ce qu'il y a \u00e0 savoir sur Rotiform, sa cr\u00e9ation, jusqu'au jour d'aujourd'hui\",\"breadcrumb\":{\"@id\":\"https:\\\/\\\/luka.rimbert.startevo.info\\\/wordpress\\\/a-propos\\\/#breadcrumb\"},\"inLanguage\":\"fr-FR\",\"potentialAction\":[{\"@type\":\"ReadAction\",\"target\":[\"https:\\\/\\\/luka.rimbert.startevo.info\\\/wordpress\\\/a-propos\\\/\"]}]},{\"@type\":\"ImageObject\",\"inLanguage\":\"fr-FR\",\"@id\":\"https:\\\/\\\/luka.rimbert.startevo.info\\\/wordpress\\\/a-propos\\\/#primaryimage\",\"url\":\"https:\\\/\\\/luka.rimbert.startevo.info\\\/wordpress\\\/wp-content\\\/uploads\\\/2024\\\/12\\\/porsche-991-2-turbo-s-rotiform-lhr-m-forged-wheels-44.jpg\",\"contentUrl\":\"https:\\\/\\\/luka.rimbert.startevo.info\\\/wordpress\\\/wp-content\\\/uploads\\\/2024\\\/12\\\/porsche-991-2-turbo-s-rotiform-lhr-m-forged-wheels-44.jpg\",\"width\":836,\"height\":643},{\"@type\":\"BreadcrumbList\",\"@id\":\"https:\\\/\\\/luka.rimbert.startevo.info\\\/wordpress\\\/a-propos\\\/#breadcrumb\",\"itemListElement\":[{\"@type\":\"ListItem\",\"position\":1,\"name\":\"Accueil\",\"item\":\"https:\\\/\\\/luka.rimbert.startevo.info\\\/wordpress\\\/\"},{\"@type\":\"ListItem\",\"position\":2,\"name\":\"A Propos\"}]},{\"@type\":\"WebSite\",\"@id\":\"https:\\\/\\\/luka.rimbert.startevo.info\\\/wordpress\\\/#website\",\"url\":\"https:\\\/\\\/luka.rimbert.startevo.info\\\/wordpress\\\/\",\"name\":\"rotiform\",\"description\":\"\",\"publisher\":{\"@id\":\"https:\\\/\\\/luka.rimbert.startevo.info\\\/wordpress\\\/#organization\"},\"potentialAction\":[{\"@type\":\"SearchAction\",\"target\":{\"@type\":\"EntryPoint\",\"urlTemplate\":\"https:\\\/\\\/luka.rimbert.startevo.info\\\/wordpress\\\/?s={search_term_string}\"},\"query-input\":{\"@type\":\"PropertyValueSpecification\",\"valueRequired\":true,\"valueName\":\"search_term_string\"}}],\"inLanguage\":\"fr-FR\"},{\"@type\":\"Organization\",\"@id\":\"https:\\\/\\\/luka.rimbert.startevo.info\\\/wordpress\\\/#organization\",\"name\":\"rotiform\",\"url\":\"https:\\\/\\\/luka.rimbert.startevo.info\\\/wordpress\\\/\",\"logo\":{\"@type\":\"ImageObject\",\"inLanguage\":\"fr-FR\",\"@id\":\"https:\\\/\\\/luka.rimbert.startevo.info\\\/wordpress\\\/#\\\/schema\\\/logo\\\/image\\\/\",\"url\":\"https:\\\/\\\/luka.rimbert.startevo.info\\\/wordpress\\\/wp-content\\\/uploads\\\/2024\\\/11\\\/cropped-cropped-Capture.png\",\"contentUrl\":\"https:\\\/\\\/luka.rimbert.startevo.info\\\/wordpress\\\/wp-content\\\/uploads\\\/2024\\\/11\\\/cropped-cropped-Capture.png\",\"width\":682,\"height\":227,\"caption\":\"rotiform\"},\"image\":{\"@id\":\"https:\\\/\\\/luka.rimbert.startevo.info\\\/wordpress\\\/#\\\/schema\\\/logo\\\/image\\\/\"}}]}<\/script>\n<!-- \/ Yoast SEO plugin. -->","yoast_head_json":{"title":"A Propos - rotiform","description":"Page A Propos de Rotiform, avec tout ce qu'il y a \u00e0 savoir sur Rotiform, sa cr\u00e9ation, jusqu'au jour d'aujourd'hui","robots":{"index":"noindex","follow":"follow","max-snippet":"max-snippet:-1","max-image-preview":"max-image-preview:large","max-video-preview":"max-video-preview:-1"},"og_locale":"fr_FR","og_type":"article","og_title":"A Propos - rotiform","og_description":"Page A Propos de Rotiform, avec tout ce qu'il y a \u00e0 savoir sur Rotiform, sa cr\u00e9ation, jusqu'au jour d'aujourd'hui","og_url":"https:\/\/luka.rimbert.startevo.info\/wordpress\/a-propos\/","og_site_name":"rotiform","article_modified_time":"2024-12-09T13:20:23+00:00","og_image":[{"url":"https:\/\/luka.rimbert.startevo.info\/wordpress\/wp-content\/uploads\/2024\/12\/porsche-991-2-turbo-s-rotiform-lhr-m-forged-wheels-44.jpg","type":"","width":"","height":""}],"twitter_card":"summary_large_image","twitter_misc":{"Dur\u00e9e de lecture estim\u00e9e":"1 minute"},"schema":{"@context":"https:\/\/schema.org","@graph":[{"@type":"WebPage","@id":"https:\/\/luka.rimbert.startevo.info\/wordpress\/a-propos\/","url":"https:\/\/luka.rimbert.startevo.info\/wordpress\/a-propos\/","name":"A Propos - rotiform","isPartOf":{"@id":"https:\/\/luka.rimbert.startevo.info\/wordpress\/#website"},"primaryImageOfPage":{"@id":"https:\/\/luka.rimbert.startevo.info\/wordpress\/a-propos\/#primaryimage"},"image":{"@id":"https:\/\/luka.rimbert.startevo.info\/wordpress\/a-propos\/#primaryimage"},"thumbnailUrl":"https:\/\/luka.rimbert.startevo.info\/wordpress\/wp-content\/uploads\/2024\/12\/porsche-991-2-turbo-s-rotiform-lhr-m-forged-wheels-44.jpg","datePublished":"2024-11-19T07:56:12+00:00","dateModified":"2024-12-09T13:20:23+00:00","description":"Page A Propos de Rotiform, avec tout ce qu'il y a \u00e0 savoir sur Rotiform, sa cr\u00e9ation, jusqu'au jour d'aujourd'hui","breadcrumb":{"@id":"https:\/\/luka.rimbert.startevo.info\/wordpress\/a-propos\/#breadcrumb"},"inLanguage":"fr-FR","potentialAction":[{"@type":"ReadAction","target":["https:\/\/luka.rimbert.startevo.info\/wordpress\/a-propos\/"]}]},{"@type":"ImageObject","inLanguage":"fr-FR","@id":"https:\/\/luka.rimbert.startevo.info\/wordpress\/a-propos\/#primaryimage","url":"https:\/\/luka.rimbert.startevo.info\/wordpress\/wp-content\/uploads\/2024\/12\/porsche-991-2-turbo-s-rotiform-lhr-m-forged-wheels-44.jpg","contentUrl":"https:\/\/luka.rimbert.startevo.info\/wordpress\/wp-content\/uploads\/2024\/12\/porsche-991-2-turbo-s-rotiform-lhr-m-forged-wheels-44.jpg","width":836,"height":643},{"@type":"BreadcrumbList","@id":"https:\/\/luka.rimbert.startevo.info\/wordpress\/a-propos\/#breadcrumb","itemListElement":[{"@type":"ListItem","position":1,"name":"Accueil","item":"https:\/\/luka.rimbert.startevo.info\/wordpress\/"},{"@type":"ListItem","position":2,"name":"A Propos"}]},{"@type":"WebSite","@id":"https:\/\/luka.rimbert.startevo.info\/wordpress\/#website","url":"https:\/\/luka.rimbert.startevo.info\/wordpress\/","name":"rotiform","description":"","publisher":{"@id":"https:\/\/luka.rimbert.startevo.info\/wordpress\/#organization"},"potentialAction":[{"@type":"SearchAction","target":{"@type":"EntryPoint","urlTemplate":"https:\/\/luka.rimbert.startevo.info\/wordpress\/?s={search_term_string}"},"query-input":{"@type":"PropertyValueSpecification","valueRequired":true,"valueName":"search_term_string"}}],"inLanguage":"fr-FR"},{"@type":"Organization","@id":"https:\/\/luka.rimbert.startevo.info\/wordpress\/#organization","name":"rotiform","url":"https:\/\/luka.rimbert.startevo.info\/wordpress\/","logo":{"@type":"ImageObject","inLanguage":"fr-FR","@id":"https:\/\/luka.rimbert.startevo.info\/wordpress\/#\/schema\/logo\/image\/","url":"https:\/\/luka.rimbert.startevo.info\/wordpress\/wp-content\/uploads\/2024\/11\/cropped-cropped-Capture.png","contentUrl":"https:\/\/luka.rimbert.startevo.info\/wordpress\/wp-content\/uploads\/2024\/11\/cropped-cropped-Capture.png","width":682,"height":227,"caption":"rotiform"},"image":{"@id":"https:\/\/luka.rimbert.startevo.info\/wordpress\/#\/schema\/logo\/image\/"}}]}},"uagb_featured_image_src":{"full":false,"thumbnail":false,"medium":false,"medium_large":false,"large":false,"1536x1536":false,"2048x2048":false,"mailpoet_newsletter_max":false,"woocommerce_thumbnail":false,"woocommerce_single":false,"woocommerce_gallery_thumbnail":false},"uagb_author_info":{"display_name":"luka.rimbert","author_link":"https:\/\/luka.rimbert.startevo.info\/wordpress\/author\/luka-rimbert\/"},"uagb_comment_info":0,"uagb_excerpt":"A Propos De Nous A Propos ? 4 Raison de choisir Rotiform Sign up for the best travel tips and adventures! Quas alias velit soluta voluptatum Etiam officiis praesent quidem, neque.","jetpack_sharing_enabled":true,"_links":{"self":[{"href":"https:\/\/luka.rimbert.startevo.info\/wordpress\/wp-json\/wp\/v2\/pages\/1720","targetHints":{"allow":["GET"]}}],"collection":[{"href":"https:\/\/luka.rimbert.startevo.info\/wordpress\/wp-json\/wp\/v2\/pages"}],"about":[{"href":"https:\/\/luka.rimbert.startevo.info\/wordpress\/wp-json\/wp\/v2\/types\/page"}],"author":[{"embeddable":true,"href":"https:\/\/luka.rimbert.startevo.info\/wordpress\/wp-json\/wp\/v2\/users\/1"}],"replies":[{"embeddable":true,"href":"https:\/\/luka.rimbert.startevo.info\/wordpress\/wp-json\/wp\/v2\/comments?post=1720"}],"version-history":[{"count":11,"href":"https:\/\/luka.rimbert.startevo.info\/wordpress\/wp-json\/wp\/v2\/pages\/1720\/revisions"}],"predecessor-version":[{"id":2483,"href":"https:\/\/luka.rimbert.startevo.info\/wordpress\/wp-json\/wp\/v2\/pages\/1720\/revisions\/2483"}],"wp:attachment":[{"href":"https:\/\/luka.rimbert.startevo.info\/wordpress\/wp-json\/wp\/v2\/media?parent=1720"}],"curies":[{"name":"wp","href":"https:\/\/api.w.org\/{rel}","templated":true}]}}